{"id":166,"date":"2021-04-16T09:29:46","date_gmt":"2021-04-16T07:29:46","guid":{"rendered":"http:\/\/linscan-laser.de\/?page_id=166"},"modified":"2022-01-12T15:05:05","modified_gmt":"2022-01-12T14:05:05","slug":"kontakt","status":"publish","type":"page","link":"https:\/\/linscan-laser.de\/de\/kontakt\/","title":{"rendered":"Kontakt"},"content":{"rendered":"\n<style type=\"text\/css\" data-created_by=\"avia_inline_auto\" id=\"style-css-av-fa1tq-789eb66b9dc5233e1ea7597add99b0e2\">\n.flex_column.av-fa1tq-789eb66b9dc5233e1ea7597add99b0e2{\nborder-radius:0px 0px 0px 0px;\npadding:0px 0px 0px 0px;\n}\n<\/style>\n<div  class='flex_column av-fa1tq-789eb66b9dc5233e1ea7597add99b0e2 av_three_fifth  avia-builder-el-0  el_before_av_two_fifth  avia-builder-el-first  first flex_column_div av-zero-column-padding  '     ><p>\n<style type=\"text\/css\" data-created_by=\"avia_inline_auto\" id=\"style-css-av-knjzrlza-83741dcfb3f2170f25f580de6993a51a\">\n#top .av-special-heading.av-knjzrlza-83741dcfb3f2170f25f580de6993a51a{\npadding-bottom:10px;\n}\nbody .av-special-heading.av-knjzrlza-83741dcfb3f2170f25f580de6993a51a .av-special-heading-tag .heading-char{\nfont-size:25px;\n}\n.av-special-heading.av-knjzrlza-83741dcfb3f2170f25f580de6993a51a .av-subheading{\nfont-size:15px;\n}\n<\/style>\n<div  class='av-special-heading av-knjzrlza-83741dcfb3f2170f25f580de6993a51a av-special-heading-h1  avia-builder-el-1  el_before_av_textblock  avia-builder-el-first '><h1 class='av-special-heading-tag '  itemprop=\"headline\"  >Kontakt<\/h1><div class=\"special-heading-border\"><div class=\"special-heading-inner-border\"><\/div><\/div><\/div><br \/>\n<section  class='av_textblock_section av-adw06-544bb899d38c1e86ac235953dfb8a474 '   itemscope=\"itemscope\" itemtype=\"https:\/\/schema.org\/CreativeWork\" ><div class='avia_textblock'  itemprop=\"text\" ><p>Sie haben Fragen, W\u00fcnsche oder Anregungen zu GME oder unseren Produkten und L\u00f6sungen? Nehmen Sie bitte direkt Kontakt mit uns auf. Wir freuen uns, Ihnen weiterhelfen zu k\u00f6nnen!<\/p>\n<\/div><\/section><br \/>\n<\/p><\/div>\n<style type=\"text\/css\" data-created_by=\"avia_inline_auto\" id=\"style-css-av-7tyla-7521c517ce129dc77e0eaa3609d5a518\">\n.flex_column.av-7tyla-7521c517ce129dc77e0eaa3609d5a518{\nborder-radius:0px 0px 0px 0px;\npadding:0px 0px 0px 0px;\n}\n<\/style>\n<div  class='flex_column av-7tyla-7521c517ce129dc77e0eaa3609d5a518 av_two_fifth  avia-builder-el-4  el_after_av_three_fifth  avia-builder-el-last  flex_column_div av-zero-column-padding  '     ><section  class='av_textblock_section av-kqb0wpud-7385e65f0e6f24a09ceec714748329bf '   itemscope=\"itemscope\" itemtype=\"https:\/\/schema.org\/CreativeWork\" ><div class='avia_textblock'  itemprop=\"text\" ><p><strong>GME German Medical Engineering GmbH<\/strong><br \/>\nDreik\u00f6nigstr. 6-8<br \/>\n91054 Erlangen<br \/>\nDeutschland<\/p>\n<p><a href=\"mailto:info@gmeonline.de\">info@gmeonline.de<\/a><\/p>\n<p>Tel.: 09131 \/ 934159-0<br \/>\nFax: 09131 \/ 934159-99<\/p>\n<\/div><\/section><\/div><\/p>\n","protected":false},"excerpt":{"rendered":"","protected":false},"author":1,"featured_media":0,"parent":0,"menu_order":0,"comment_status":"closed","ping_status":"closed","template":"","meta":{"inline_featured_image":false,"footnotes":""},"class_list":["post-166","page","type-page","status-publish","hentry"],"yoast_head":"<!-- This site is optimized with the Yoast SEO plugin v26.2 - https:\/\/yoast.com\/wordpress\/plugins\/seo\/ -->\n<title>Kontakt - Linscan Laser | DE<\/title>\n<meta name=\"robots\" content=\"index, follow, max-snippet:-1, max-image-preview:large, max-video-preview:-1\" \/>\n<link rel=\"canonical\" href=\"https:\/\/linscan-laser.de\/de\/kontakt\/\" \/>\n<meta property=\"og:locale\" content=\"de_DE\" \/>\n<meta property=\"og:type\" content=\"article\" \/>\n<meta property=\"og:title\" content=\"Kontakt - Linscan Laser | DE\" \/>\n<meta property=\"og:url\" content=\"https:\/\/linscan-laser.de\/de\/kontakt\/\" \/>\n<meta property=\"og:site_name\" content=\"Linscan Laser | DE\" \/>\n<meta property=\"article:modified_time\" content=\"2022-01-12T14:05:05+00:00\" \/>\n<meta name=\"twitter:card\" content=\"summary_large_image\" \/>\n<meta name=\"twitter:label1\" content=\"Gesch\u00e4tzte Lesezeit\" \/>\n\t<meta name=\"twitter:data1\" content=\"3\u00a0Minuten\" \/>\n<script type=\"application\/ld+json\" class=\"yoast-schema-graph\">{\"@context\":\"https:\/\/schema.org\",\"@graph\":[{\"@type\":\"WebPage\",\"@id\":\"https:\/\/linscan-laser.de\/de\/kontakt\/\",\"url\":\"https:\/\/linscan-laser.de\/de\/kontakt\/\",\"name\":\"Kontakt - Linscan Laser | DE\",\"isPartOf\":{\"@id\":\"https:\/\/linscan-laser.de\/de\/#website\"},\"datePublished\":\"2021-04-16T07:29:46+00:00\",\"dateModified\":\"2022-01-12T14:05:05+00:00\",\"breadcrumb\":{\"@id\":\"https:\/\/linscan-laser.de\/de\/kontakt\/#breadcrumb\"},\"inLanguage\":\"de\",\"potentialAction\":[{\"@type\":\"ReadAction\",\"target\":[\"https:\/\/linscan-laser.de\/de\/kontakt\/\"]}]},{\"@type\":\"BreadcrumbList\",\"@id\":\"https:\/\/linscan-laser.de\/de\/kontakt\/#breadcrumb\",\"itemListElement\":[{\"@type\":\"ListItem\",\"position\":1,\"name\":\"Startseite\",\"item\":\"https:\/\/linscan-laser.de\/de\/\"},{\"@type\":\"ListItem\",\"position\":2,\"name\":\"Kontakt\"}]},{\"@type\":\"WebSite\",\"@id\":\"https:\/\/linscan-laser.de\/de\/#website\",\"url\":\"https:\/\/linscan-laser.de\/de\/\",\"name\":\"Linscan Laser | DE\",\"description\":\"\",\"potentialAction\":[{\"@type\":\"SearchAction\",\"target\":{\"@type\":\"EntryPoint\",\"urlTemplate\":\"https:\/\/linscan-laser.de\/de\/?s={search_term_string}\"},\"query-input\":{\"@type\":\"PropertyValueSpecification\",\"valueRequired\":true,\"valueName\":\"search_term_string\"}}],\"inLanguage\":\"de\"}]}<\/script>\n<!-- \/ Yoast SEO plugin. -->","yoast_head_json":{"title":"Kontakt - Linscan Laser | DE","robots":{"index":"index","follow":"follow","max-snippet":"max-snippet:-1","max-image-preview":"max-image-preview:large","max-video-preview":"max-video-preview:-1"},"canonical":"https:\/\/linscan-laser.de\/de\/kontakt\/","og_locale":"de_DE","og_type":"article","og_title":"Kontakt - Linscan Laser | DE","og_url":"https:\/\/linscan-laser.de\/de\/kontakt\/","og_site_name":"Linscan Laser | DE","article_modified_time":"2022-01-12T14:05:05+00:00","twitter_card":"summary_large_image","twitter_misc":{"Gesch\u00e4tzte Lesezeit":"3\u00a0Minuten"},"schema":{"@context":"https:\/\/schema.org","@graph":[{"@type":"WebPage","@id":"https:\/\/linscan-laser.de\/de\/kontakt\/","url":"https:\/\/linscan-laser.de\/de\/kontakt\/","name":"Kontakt - Linscan Laser | DE","isPartOf":{"@id":"https:\/\/linscan-laser.de\/de\/#website"},"datePublished":"2021-04-16T07:29:46+00:00","dateModified":"2022-01-12T14:05:05+00:00","breadcrumb":{"@id":"https:\/\/linscan-laser.de\/de\/kontakt\/#breadcrumb"},"inLanguage":"de","potentialAction":[{"@type":"ReadAction","target":["https:\/\/linscan-laser.de\/de\/kontakt\/"]}]},{"@type":"BreadcrumbList","@id":"https:\/\/linscan-laser.de\/de\/kontakt\/#breadcrumb","itemListElement":[{"@type":"ListItem","position":1,"name":"Startseite","item":"https:\/\/linscan-laser.de\/de\/"},{"@type":"ListItem","position":2,"name":"Kontakt"}]},{"@type":"WebSite","@id":"https:\/\/linscan-laser.de\/de\/#website","url":"https:\/\/linscan-laser.de\/de\/","name":"Linscan Laser | DE","description":"","potentialAction":[{"@type":"SearchAction","target":{"@type":"EntryPoint","urlTemplate":"https:\/\/linscan-laser.de\/de\/?s={search_term_string}"},"query-input":{"@type":"PropertyValueSpecification","valueRequired":true,"valueName":"search_term_string"}}],"inLanguage":"de"}]}},"_links":{"self":[{"href":"https:\/\/linscan-laser.de\/de\/wp-json\/wp\/v2\/pages\/166","targetHints":{"allow":["GET"]}}],"collection":[{"href":"https:\/\/linscan-laser.de\/de\/wp-json\/wp\/v2\/pages"}],"about":[{"href":"https:\/\/linscan-laser.de\/de\/wp-json\/wp\/v2\/types\/page"}],"author":[{"embeddable":true,"href":"https:\/\/linscan-laser.de\/de\/wp-json\/wp\/v2\/users\/1"}],"replies":[{"embeddable":true,"href":"https:\/\/linscan-laser.de\/de\/wp-json\/wp\/v2\/comments?post=166"}],"version-history":[{"count":3,"href":"https:\/\/linscan-laser.de\/de\/wp-json\/wp\/v2\/pages\/166\/revisions"}],"predecessor-version":[{"id":965,"href":"https:\/\/linscan-laser.de\/de\/wp-json\/wp\/v2\/pages\/166\/revisions\/965"}],"wp:attachment":[{"href":"https:\/\/linscan-laser.de\/de\/wp-json\/wp\/v2\/media?parent=166"}],"curies":[{"name":"wp","href":"https:\/\/api.w.org\/{rel}","templated":true}]}}